{"id":203,"date":"2024-02-21T22:57:19","date_gmt":"2024-02-21T22:57:19","guid":{"rendered":"https:\/\/www.shoppingmanager.shop\/index.php\/product\/parka-with-hood\/"},"modified":"2025-02-19T16:28:35","modified_gmt":"2025-02-19T16:28:35","slug":"parka-with-hood","status":"publish","type":"product","link":"https:\/\/www.shoppingmanager.shop\/index.php\/product\/parka-with-hood\/","title":{"rendered":"Chanel hydra beauty cr\u00e8me"},"content":{"rendered":"<h3 class=\"heading is-5\">product<\/h3>\n<p>Het onmisbare hydraterende gebaar voor de normale tot droge huid. HYDRA BEAUTY Cr\u00e8me hydrateert diep en beschermt de huid tegen vrije radicalen. De frisse en romige textuur wordt direct in de huid opgenomen en onthult subtiele, fruitige geurnoten.<\/p>\n<h3 class=\"heading is-5\">voordelen<\/h3>\n<p>Met de HYDRA BEAUTY-verzorgingscollectie zet de Researchafdeling van CHANEL haar emblematische bloem, de camelia, in en diens exclusieve*, zeer hydraterende werkstof Camellia Alba PFA**. Deze werkstof helpt de huid herstellen en het vochtniveau in de celkernen te optimaliseren.<br \/>\nHYDRA BEAUTY Cr\u00e8me voorziet de huid van vocht, waardoor zij zachter, gladder en stralender wordt.<\/p>\n<p>Na 4 uur:<br \/>\nHydratatie: +40%<br \/>\n<i>Instrumentele test.<\/i><\/p>\n<p><i>* Patentaanvraag internationaal gedeponeerd.<br \/>\n** PFA: PolyFractionnement des Actifs (Meervoudige Deling van Actieve Werkstoffen). Een specifiek, door CHANEL ontwikkeld proced\u00e9 waarmee uiterst zuivere cosmetische\u00a0<\/i><i>actieve\u00a0<\/i><i>werkstoffen worden vervaardigd.<\/i><\/p>\n<h3 class=\"heading is-5\">belangrijkste bestanddelen<\/h3>\n<p>In het hart van de formule hydrateert de actieve werkstof Camellia Alba PFA*, extract van de camelia, de huid en helpt haar vochtgehalte optimaal te houden.<br \/>\nHYDRA BEAUTY Cr\u00e8me heeft bovendien een anti-oxiderende werking door Blue Ginger PFA*, dat het zelfverdedigingssysteem van de cellen versterkt.<\/p>\n<p><i>* PFA: PolyFractionnement des Actifs (Meervoudige Deling van Actieve Werkstoffen). Een specifiek, door CHANEL ontwikkeld proced\u00e9 waarmee uiterst zuivere cosmetische\u00a0<\/i><i>actieve\u00a0<\/i><i>werkstoffen worden vervaardigd.<br \/>\nOnder oogheelkundig en dermatologisch toezicht getest. Niet comedogeen.<\/i><\/p>\n<h3 class=\"heading is-5\">hoe aanbrengen<\/h3>\n<p>&#8216;s Ochtends en\/of &#8216;s avonds aanbrengen op een schone, droge huid, na het serum.<br \/>\nIdeaal als voorbereiding op make-up.<br \/>\nVoor warmere periodes is er ook een alternatieve textuur verkrijgbaar, met dezelfde resultaten: HYDRA BEAUTY Gel Cr\u00e8me. HYDRA BEAUTY Gel Cr\u00e8me en HYDRA BEAUTY Cr\u00e8me kunnen samen met de andere verzorgingsproducten uit de collectie gebruikt worden. De synergie met HYDRA BEAUTY S\u00e9rum zorgt voor een optimale hydratatie en een natuurlijk stralende teint.<\/p>\n","protected":false},"excerpt":{"rendered":"<p>Proactively communicate corporate process improvements via corporate scenarios. Progressively aggregate proactive data after diverse users. Rapidiously redefine front-end interfaces before go forward process improvements.<\/p>\n","protected":false},"featured_media":433,"comment_status":"open","ping_status":"closed","template":"","meta":[],"product_brand":[],"product_cat":[26,27,31],"product_tag":[38,43,44,45],"class_list":{"0":"post-203","1":"product","2":"type-product","3":"status-publish","4":"has-post-thumbnail","6":"product_cat-casual-urban-wear","7":"product_cat-down-coats-vests","8":"product_cat-men","9":"product_tag-collar","10":"product_tag-parka","11":"product_tag-pockets","12":"product_tag-snap-button","13":"pa_brand-quisuito","14":"pa_color-greys","15":"pa_material-polyester","16":"pa_size-l","17":"pa_size-m","18":"pa_size-s","19":"pa_size-xl","20":"pa_size-xs","21":"pa_size-xxl","23":"first","24":"instock","25":"shipping-taxable","26":"purchasable","27":"product-type-variable","swatches":"rey-swatches","show_selected":""},"acf":[],"_links":{"self":[{"href":"https:\/\/www.shoppingmanager.shop\/index.php\/wp-json\/wp\/v2\/product\/203","targetHints":{"allow":["GET"]}}],"collection":[{"href":"https:\/\/www.shoppingmanager.shop\/index.php\/wp-json\/wp\/v2\/product"}],"about":[{"href":"https:\/\/www.shoppingmanager.shop\/index.php\/wp-json\/wp\/v2\/types\/product"}],"replies":[{"embeddable":true,"href":"https:\/\/www.shoppingmanager.shop\/index.php\/wp-json\/wp\/v2\/comments?post=203"}],"wp:featuredmedia":[{"embeddable":true,"href":"https:\/\/www.shoppingmanager.shop\/index.php\/wp-json\/wp\/v2\/media\/433"}],"wp:attachment":[{"href":"https:\/\/www.shoppingmanager.shop\/index.php\/wp-json\/wp\/v2\/media?parent=203"}],"wp:term":[{"taxonomy":"product_brand","embeddable":true,"href":"https:\/\/www.shoppingmanager.shop\/index.php\/wp-json\/wp\/v2\/product_brand?post=203"},{"taxonomy":"product_cat","embeddable":true,"href":"https:\/\/www.shoppingmanager.shop\/index.php\/wp-json\/wp\/v2\/product_cat?post=203"},{"taxonomy":"product_tag","embeddable":true,"href":"https:\/\/www.shoppingmanager.shop\/index.php\/wp-json\/wp\/v2\/product_tag?post=203"}],"curies":[{"name":"wp","href":"https:\/\/api.w.org\/{rel}","templated":true}]}}